{"id":4335,"date":"2022-11-28T16:48:02","date_gmt":"2022-11-28T14:48:02","guid":{"rendered":"https:\/\/sibiuagnitarailway.com\/contribuie\/"},"modified":"2023-02-06T09:54:48","modified_gmt":"2023-02-06T07:54:48","slug":"support-us","status":"publish","type":"page","link":"https:\/\/sibiuagnitarailway.com\/en\/support-us\/","title":{"rendered":"Support us"},"content":{"rendered":"\t\t<div data-elementor-type=\"wp-page\" data-elementor-id=\"4335\" class=\"elementor elementor-4335 elementor-3976\" data-elementor-post-type=\"page\">\n\t\t\t\t\t\t<section class=\"elementor-section elementor-top-section elementor-element elementor-element-aeaa81a elementor-section-boxed elementor-section-height-default elementor-section-height-default\" data-id=\"aeaa81a\" data-element_type=\"section\" data-e-type=\"section\">\n\t\t\t\t\t\t<div class=\"elementor-container elementor-column-gap-default\">\n\t\t\t\t\t<div class=\"elementor-column elementor-col-100 elementor-top-column elementor-element elementor-element-b50b486\" data-id=\"b50b486\" data-element_type=\"column\" data-e-type=\"column\">\n\t\t\t<div class=\"elementor-widget-wrap elementor-element-populated\">\n\t\t\t\t\t\t<div class=\"elementor-element elementor-element-e800fbe elementor--h-position-center elementor--v-position-middle elementor-arrows-position-inside elementor-pagination-position-inside elementor-widget elementor-widget-slides\" data-id=\"e800fbe\" data-element_type=\"widget\" data-e-type=\"widget\" data-settings=\"{&quot;transition&quot;:&quot;fade&quot;,&quot;navigation&quot;:&quot;both&quot;,&quot;infinite&quot;:&quot;yes&quot;,&quot;transition_speed&quot;:500}\" data-widget_type=\"slides.default\">\n\t\t\t\t\t\t\t\t\t\t<div class=\"elementor-slides-wrapper elementor-main-swiper swiper\" role=\"region\" aria-roledescription=\"carousel\" aria-label=\"Slides\" dir=\"ltr\" data-animation=\"\">\n\t\t\t\t<div class=\"swiper-wrapper elementor-slides\">\n\t\t\t\t\t\t\t\t\t\t<div class=\"elementor-repeater-item-bcc9ba8 swiper-slide\" role=\"group\" aria-roledescription=\"slide\"><div class=\"swiper-slide-bg\" role=\"img\" aria-label=\"RDX_0727_1\"><\/div><div class=\"elementor-background-overlay\"><\/div><div class=\"swiper-slide-inner\" ><div class=\"swiper-slide-contents\"><div class=\"elementor-slide-heading\">Contribuie la povestea moc\u0103ni\u021bei<\/div><\/div><\/div><\/div>\t\t\t\t<\/div>\n\t\t\t\t\t\t\t<\/div>\n\t\t\t\t\t\t\t\t<\/div>\n\t\t\t\t\t<\/div>\n\t\t<\/div>\n\t\t\t\t\t<\/div>\n\t\t<\/section>\n\t\t\t\t<section class=\"elementor-section elementor-top-section elementor-element elementor-element-bdd620d elementor-section-boxed elementor-section-height-default elementor-section-height-default\" data-id=\"bdd620d\" data-element_type=\"section\" data-e-type=\"section\">\n\t\t\t\t\t\t<div class=\"elementor-container elementor-column-gap-default\">\n\t\t\t\t\t<div class=\"elementor-column elementor-col-100 elementor-top-column elementor-element elementor-element-67b6a71\" data-id=\"67b6a71\" data-element_type=\"column\" data-e-type=\"column\">\n\t\t\t<div class=\"elementor-widget-wrap elementor-element-populated\">\n\t\t\t\t\t\t<div data-dce-title-color=\"#1A1A1A\" class=\"elementor-element elementor-element-becb1a0 elementor-widget elementor-widget-heading\" data-id=\"becb1a0\" data-element_type=\"widget\" data-e-type=\"widget\" data-widget_type=\"heading.default\">\n\t\t\t\t\t<h2 class=\"elementor-heading-title elementor-size-default\">Sus\u021bine-ne \u0219i tu!<\/h2>\t\t\t\t<\/div>\n\t\t\t\t<div data-dce-title-color=\"#1A1A1A\" class=\"elementor-element elementor-element-b5617bc elementor-widget elementor-widget-heading\" data-id=\"b5617bc\" data-element_type=\"widget\" data-e-type=\"widget\" data-widget_type=\"heading.default\">\n\t\t\t\t\t<div class=\"elementor-heading-title elementor-size-default\">Nu am fi putut ajunge at\u00e2t de departe f\u0103r\u0103 implicarea \u0219i sus\u021binerea persoanelor \u0219i a companiilor care ne-au fost al\u0103turi p\u00e2n\u0103 acum, \u0219i avem nevoie de sus\u021binerea voastr\u0103 \u0219i mai departe pentru a putea continua s\u0103 facem bine pe Valea H\u00e2rtibaciului, s\u0103 p\u0103str\u0103m moc\u0103ni\u021ba vie \u0219i s\u0103 o readucem \u0219i celorlalte comunit\u0103\u021bi care au pierdut-o \u00een 2001!<br><br>Ne po\u021bi sus\u021bine astfel:<\/div>\t\t\t\t<\/div>\n\t\t\t\t\t<\/div>\n\t\t<\/div>\n\t\t\t\t\t<\/div>\n\t\t<\/section>\n\t\t\t\t<section data-dce-background-color=\"#EDEDED\" class=\"elementor-section elementor-top-section elementor-element elementor-element-0cc4669 elementor-reverse-mobile elementor-section-boxed elementor-section-height-default elementor-section-height-default\" data-id=\"0cc4669\" data-element_type=\"section\" data-e-type=\"section\" data-settings=\"{&quot;background_background&quot;:&quot;classic&quot;}\">\n\t\t\t\t\t\t<div class=\"elementor-container elementor-column-gap-default\">\n\t\t\t\t\t<div class=\"elementor-column elementor-col-100 elementor-top-column elementor-element elementor-element-8d33067\" data-id=\"8d33067\" data-element_type=\"column\" data-e-type=\"column\">\n\t\t\t<div class=\"elementor-widget-wrap elementor-element-populated\">\n\t\t\t\t\t\t<div data-dce-title-color=\"#1A1A1A\" class=\"elementor-element elementor-element-56616da elementor-widget elementor-widget-heading\" data-id=\"56616da\" data-element_type=\"widget\" data-e-type=\"widget\" data-widget_type=\"heading.default\">\n\t\t\t\t\t<h2 class=\"elementor-heading-title elementor-size-default\">Redirec\u021bionarea a 3,5% din impozitul pe venit<\/h2>\t\t\t\t<\/div>\n\t\t\t\t<div data-dce-title-color=\"#1A1A1A\" class=\"elementor-element elementor-element-84f158b elementor-widget elementor-widget-heading\" data-id=\"84f158b\" data-element_type=\"widget\" data-e-type=\"widget\" data-widget_type=\"heading.default\">\n\t\t\t\t\t<div class=\"elementor-heading-title elementor-size-default\">Persoanele fizice ne pot redirec\u021biona 3,5% din impozitul pe venit, impozit care altfel ar ajunge tot la Stat. Astfel, ai certitudinea c\u0103 m\u0103car 3,5% din contribu\u021biile tale la Stat sunt investite acolo unde vrei tu \u0219i ajut\u0103 la dezvoltarea sustenabil\u0103 a V\u0103ii H\u00e2rtibaciului prin turism \u0219i la conservarea \u0219i restaurarea c\u0103ii ferate \u00eenguste Sibiu-Agnita.<br><br>Redirec\u021bionarea se face complet\u00e2nd formularul 230, iar pentru aceasta folosim portalul redirectioneaza.ro, unde v\u0103 pute\u021bi genera formularul completat cu datele dumneavoastr\u0103. Ulterior, va trebui printat, semnat \u0219i trimis la administra\u021bia fiscal\u0103 de care apar\u021bine\u021bi, sau ni-l pute\u021bi trimite la <a href=\"mailto:contact@sibiuagnitarailway.com\" style=\"color:#790002\">contact@sibiuagnitarailway.com<\/a> \u0219i ne ocup\u0103m noi de depunerea lui.<br><br>G\u0103si\u021bi formularul la <a href=\"https:\/\/redirectioneaza.ro\/asociatia-prietenii-mocanitei\" target=\"_blank\" style=\"color:#790002\">redirectioneaza.ro\/asociatia-prietenii-mocanitei<\/a><\/div>\t\t\t\t<\/div>\n\t\t\t\t\t<\/div>\n\t\t<\/div>\n\t\t\t\t\t<\/div>\n\t\t<\/section>\n\t\t\t\t<section class=\"elementor-section elementor-top-section elementor-element elementor-element-8bed7e1 elementor-reverse-mobile elementor-section-boxed elementor-section-height-default elementor-section-height-default\" data-id=\"8bed7e1\" data-element_type=\"section\" data-e-type=\"section\">\n\t\t\t\t\t\t<div class=\"elementor-container elementor-column-gap-default\">\n\t\t\t\t\t<div class=\"elementor-column elementor-col-100 elementor-top-column elementor-element elementor-element-c82354e\" data-id=\"c82354e\" data-element_type=\"column\" data-e-type=\"column\">\n\t\t\t<div class=\"elementor-widget-wrap elementor-element-populated\">\n\t\t\t\t\t\t<div data-dce-title-color=\"#1A1A1A\" class=\"elementor-element elementor-element-726fe7b elementor-widget elementor-widget-heading\" data-id=\"726fe7b\" data-element_type=\"widget\" data-e-type=\"widget\" data-widget_type=\"heading.default\">\n\t\t\t\t\t<h2 class=\"elementor-heading-title elementor-size-default\">Redirec\u021bionarea a p\u00e2n\u0103 la 20% din impozitul pe profit<\/h2>\t\t\t\t<\/div>\n\t\t\t\t<div data-dce-title-color=\"#1A1A1A\" class=\"elementor-element elementor-element-fa619a6 elementor-widget elementor-widget-heading\" data-id=\"fa619a6\" data-element_type=\"widget\" data-e-type=\"widget\" data-widget_type=\"heading.default\">\n\t\t\t\t\t<div class=\"elementor-heading-title elementor-size-default\">Persoanele juridice ne pot sponsoriza cu sume de p\u00e2n\u0103 la 20% din impozitul pe profit, sume care altfel ar ajunge la Stat. Sponsorizarea se face pe baz\u0103 de contract \u00eencheiat \u00eentre sponsor \u0219i beneficiar, cu clauze stabilite de comun acord, astfel \u00eenc\u00e2t sponsorul s\u0103 poat\u0103 stabili pe ce vor fi folosi\u021bi banii \u0219i s\u0103 beneficieze de promovarea dorit\u0103 la evenimentele \u0219i pe canalele noastre de comunicare. <a href=\"https:\/\/sibiuagnitarailway.com\/files\/Ctr20lasuta.docx\" style=\"color:#790002\">Model de contract<\/a><br><br>\u00cen cazul \u00een care persoana juridic\u0103 nu a redirec\u021bionat toat\u0103 suma reprezent\u00e2nd 20% din impozitul pe profit aferent anului 2021, ANAF a introdus posibilitatea redirec\u021bion\u0103rii acesteia p\u00e2n\u0103 la data de 31 decembrie 2022, prin completarea declara\u021biei 177, al\u0103turi de contractul \u00eencheiat \u00eentre sponsor \u0219i beneficiar. Pentru acest caz, acesta este <a href=\"https:\/\/sibiuagnitarailway.com\/files\/CtrD177.docx\" style=\"color:#790002\">modelul de contract<\/a>.<br><br>Pentru orice detalii, v\u0103 rug\u0103m s\u0103 ne contacta\u021bi la <a href=\"mailto:contact@sibiuagnitarailway.com\" style=\"color:#790002\">contact@sibiuagnitarailway.com<\/a><\/div>\t\t\t\t<\/div>\n\t\t\t\t\t<\/div>\n\t\t<\/div>\n\t\t\t\t\t<\/div>\n\t\t<\/section>\n\t\t\t\t<section data-dce-background-color=\"#EDEDED\" class=\"elementor-section elementor-top-section elementor-element elementor-element-238c6ae elementor-reverse-mobile elementor-section-boxed elementor-section-height-default elementor-section-height-default\" data-id=\"238c6ae\" data-element_type=\"section\" data-e-type=\"section\" data-settings=\"{&quot;background_background&quot;:&quot;classic&quot;}\">\n\t\t\t\t\t\t<div class=\"elementor-container elementor-column-gap-default\">\n\t\t\t\t\t<div class=\"elementor-column elementor-col-100 elementor-top-column elementor-element elementor-element-89d2fbc\" data-id=\"89d2fbc\" data-element_type=\"column\" data-e-type=\"column\">\n\t\t\t<div class=\"elementor-widget-wrap elementor-element-populated\">\n\t\t\t\t\t\t<div data-dce-title-color=\"#1A1A1A\" class=\"elementor-element elementor-element-6dc341d elementor-widget elementor-widget-heading\" data-id=\"6dc341d\" data-element_type=\"widget\" data-e-type=\"widget\" data-widget_type=\"heading.default\">\n\t\t\t\t\t<h2 class=\"elementor-heading-title elementor-size-default\">Virament direct \u00een conturile bancare<\/h2>\t\t\t\t<\/div>\n\t\t\t\t<div data-dce-title-color=\"#1A1A1A\" class=\"elementor-element elementor-element-4677ad0 elementor-widget elementor-widget-heading\" data-id=\"4677ad0\" data-element_type=\"widget\" data-e-type=\"widget\" data-widget_type=\"heading.default\">\n\t\t\t\t\t<div class=\"elementor-heading-title elementor-size-default\">Una dintre cele mai simple metode de a ne sus\u021bine activit\u0103\u021bile este viramentul bancar. \u00cen acest scop, Asocia\u021bia Prietenii Moc\u0103ni\u021bei are deschise urm\u0103toarele conturi la Banca Transilvania (cod Swift\/BIC BTRLRO22XXX):<br><br>RO03 BTRL 0330 1205 S480 81XX - deschis \u00een RON<br>RO75 BTRL 0330 4205 S480 81XX - deschis \u00een EUR<\/div>\t\t\t\t<\/div>\n\t\t\t\t\t<\/div>\n\t\t<\/div>\n\t\t\t\t\t<\/div>\n\t\t<\/section>\n\t\t\t\t<\/div>\n\t\t","protected":false},"excerpt":{"rendered":"<p>Contribuie la povestea moc\u0103ni\u021bei Sus\u021bine-ne \u0219i tu! Nu am fi putut ajunge at\u00e2t de departe f\u0103r\u0103 implicarea \u0219i sus\u021binerea persoanelor \u0219i a companiilor care ne-au fost al\u0103turi p\u00e2n\u0103 acum, \u0219i avem nevoie de sus\u021binerea voastr\u0103 \u0219i mai departe pentru a putea continua s\u0103 facem bine pe Valea H\u00e2rtibaciului, s\u0103 p\u0103str\u0103m moc\u0103ni\u021ba vie \u0219i s\u0103 o [&hellip;]<\/p>\n","protected":false},"author":3,"featured_media":0,"parent":0,"menu_order":2,"comment_status":"closed","ping_status":"closed","template":"","meta":{"footnotes":""},"class_list":["post-4335","page","type-page","status-publish","hentry"],"yoast_head":"<!-- This site is optimized with the Yoast SEO plugin v27.4 - https:\/\/yoast.com\/product\/yoast-seo-wordpress\/ -->\n<title>Support us - Moc\u0103ni\u021ba Sibiu-Agnita<\/title>\n<meta name=\"robots\" content=\"index, follow, max-snippet:-1, max-image-preview:large, max-video-preview:-1\" \/>\n<link rel=\"canonical\" href=\"https:\/\/sibiuagnitarailway.com\/en\/support-us\/\" \/>\n<meta property=\"og:locale\" content=\"en_US\" \/>\n<meta property=\"og:type\" content=\"article\" \/>\n<meta property=\"og:title\" content=\"Support us - Moc\u0103ni\u021ba Sibiu-Agnita\" \/>\n<meta property=\"og:description\" content=\"Contribuie la povestea moc\u0103ni\u021bei Sus\u021bine-ne \u0219i tu! Nu am fi putut ajunge at\u00e2t de departe f\u0103r\u0103 implicarea \u0219i sus\u021binerea persoanelor \u0219i a companiilor care ne-au fost al\u0103turi p\u00e2n\u0103 acum, \u0219i avem nevoie de sus\u021binerea voastr\u0103 \u0219i mai departe pentru a putea continua s\u0103 facem bine pe Valea H\u00e2rtibaciului, s\u0103 p\u0103str\u0103m moc\u0103ni\u021ba vie \u0219i s\u0103 o [&hellip;]\" \/>\n<meta property=\"og:url\" content=\"https:\/\/sibiuagnitarailway.com\/en\/support-us\/\" \/>\n<meta property=\"og:site_name\" content=\"Moc\u0103ni\u021ba Sibiu-Agnita\" \/>\n<meta property=\"article:modified_time\" content=\"2023-02-06T07:54:48+00:00\" \/>\n<meta name=\"twitter:card\" content=\"summary_large_image\" \/>\n<meta name=\"twitter:label1\" content=\"Est. reading time\" \/>\n\t<meta name=\"twitter:data1\" content=\"2 minutes\" \/>\n<script type=\"application\/ld+json\" class=\"yoast-schema-graph\">{\"@context\":\"https:\\\/\\\/schema.org\",\"@graph\":[{\"@type\":\"WebPage\",\"@id\":\"https:\\\/\\\/sibiuagnitarailway.com\\\/en\\\/support-us\\\/\",\"url\":\"https:\\\/\\\/sibiuagnitarailway.com\\\/en\\\/support-us\\\/\",\"name\":\"Support us - Moc\u0103ni\u021ba Sibiu-Agnita\",\"isPartOf\":{\"@id\":\"https:\\\/\\\/sibiuagnitarailway.com\\\/en\\\/#website\"},\"datePublished\":\"2022-11-28T14:48:02+00:00\",\"dateModified\":\"2023-02-06T07:54:48+00:00\",\"breadcrumb\":{\"@id\":\"https:\\\/\\\/sibiuagnitarailway.com\\\/en\\\/support-us\\\/#breadcrumb\"},\"inLanguage\":\"en-US\",\"potentialAction\":[{\"@type\":\"ReadAction\",\"target\":[\"https:\\\/\\\/sibiuagnitarailway.com\\\/en\\\/support-us\\\/\"]}]},{\"@type\":\"BreadcrumbList\",\"@id\":\"https:\\\/\\\/sibiuagnitarailway.com\\\/en\\\/support-us\\\/#breadcrumb\",\"itemListElement\":[{\"@type\":\"ListItem\",\"position\":1,\"name\":\"Home\",\"item\":\"https:\\\/\\\/sibiuagnitarailway.com\\\/en\\\/\"},{\"@type\":\"ListItem\",\"position\":2,\"name\":\"Support us\"}]},{\"@type\":\"WebSite\",\"@id\":\"https:\\\/\\\/sibiuagnitarailway.com\\\/en\\\/#website\",\"url\":\"https:\\\/\\\/sibiuagnitarailway.com\\\/en\\\/\",\"name\":\"Moc\u0103ni\u021ba Sibiu-Agnita\",\"description\":\"\",\"publisher\":{\"@id\":\"https:\\\/\\\/sibiuagnitarailway.com\\\/en\\\/#organization\"},\"potentialAction\":[{\"@type\":\"SearchAction\",\"target\":{\"@type\":\"EntryPoint\",\"urlTemplate\":\"https:\\\/\\\/sibiuagnitarailway.com\\\/en\\\/?s={search_term_string}\"},\"query-input\":{\"@type\":\"PropertyValueSpecification\",\"valueRequired\":true,\"valueName\":\"search_term_string\"}}],\"inLanguage\":\"en-US\"},{\"@type\":\"Organization\",\"@id\":\"https:\\\/\\\/sibiuagnitarailway.com\\\/en\\\/#organization\",\"name\":\"Sibiu Agnita Railway\",\"url\":\"https:\\\/\\\/sibiuagnitarailway.com\\\/en\\\/\",\"logo\":{\"@type\":\"ImageObject\",\"inLanguage\":\"en-US\",\"@id\":\"https:\\\/\\\/sibiuagnitarailway.com\\\/en\\\/#\\\/schema\\\/logo\\\/image\\\/\",\"url\":\"https:\\\/\\\/sibiuagnitarailway.com\\\/wp-content\\\/uploads\\\/2020\\\/08\\\/asset_1.svg\",\"contentUrl\":\"https:\\\/\\\/sibiuagnitarailway.com\\\/wp-content\\\/uploads\\\/2020\\\/08\\\/asset_1.svg\",\"width\":120,\"height\":89,\"caption\":\"Sibiu Agnita Railway\"},\"image\":{\"@id\":\"https:\\\/\\\/sibiuagnitarailway.com\\\/en\\\/#\\\/schema\\\/logo\\\/image\\\/\"}}]}<\/script>\n<!-- \/ Yoast SEO plugin. -->","yoast_head_json":{"title":"Support us - Moc\u0103ni\u021ba Sibiu-Agnita","robots":{"index":"index","follow":"follow","max-snippet":"max-snippet:-1","max-image-preview":"max-image-preview:large","max-video-preview":"max-video-preview:-1"},"canonical":"https:\/\/sibiuagnitarailway.com\/en\/support-us\/","og_locale":"en_US","og_type":"article","og_title":"Support us - Moc\u0103ni\u021ba Sibiu-Agnita","og_description":"Contribuie la povestea moc\u0103ni\u021bei Sus\u021bine-ne \u0219i tu! Nu am fi putut ajunge at\u00e2t de departe f\u0103r\u0103 implicarea \u0219i sus\u021binerea persoanelor \u0219i a companiilor care ne-au fost al\u0103turi p\u00e2n\u0103 acum, \u0219i avem nevoie de sus\u021binerea voastr\u0103 \u0219i mai departe pentru a putea continua s\u0103 facem bine pe Valea H\u00e2rtibaciului, s\u0103 p\u0103str\u0103m moc\u0103ni\u021ba vie \u0219i s\u0103 o [&hellip;]","og_url":"https:\/\/sibiuagnitarailway.com\/en\/support-us\/","og_site_name":"Moc\u0103ni\u021ba Sibiu-Agnita","article_modified_time":"2023-02-06T07:54:48+00:00","twitter_card":"summary_large_image","twitter_misc":{"Est. reading time":"2 minutes"},"schema":{"@context":"https:\/\/schema.org","@graph":[{"@type":"WebPage","@id":"https:\/\/sibiuagnitarailway.com\/en\/support-us\/","url":"https:\/\/sibiuagnitarailway.com\/en\/support-us\/","name":"Support us - Moc\u0103ni\u021ba Sibiu-Agnita","isPartOf":{"@id":"https:\/\/sibiuagnitarailway.com\/en\/#website"},"datePublished":"2022-11-28T14:48:02+00:00","dateModified":"2023-02-06T07:54:48+00:00","breadcrumb":{"@id":"https:\/\/sibiuagnitarailway.com\/en\/support-us\/#breadcrumb"},"inLanguage":"en-US","potentialAction":[{"@type":"ReadAction","target":["https:\/\/sibiuagnitarailway.com\/en\/support-us\/"]}]},{"@type":"BreadcrumbList","@id":"https:\/\/sibiuagnitarailway.com\/en\/support-us\/#breadcrumb","itemListElement":[{"@type":"ListItem","position":1,"name":"Home","item":"https:\/\/sibiuagnitarailway.com\/en\/"},{"@type":"ListItem","position":2,"name":"Support us"}]},{"@type":"WebSite","@id":"https:\/\/sibiuagnitarailway.com\/en\/#website","url":"https:\/\/sibiuagnitarailway.com\/en\/","name":"Moc\u0103ni\u021ba Sibiu-Agnita","description":"","publisher":{"@id":"https:\/\/sibiuagnitarailway.com\/en\/#organization"},"potentialAction":[{"@type":"SearchAction","target":{"@type":"EntryPoint","urlTemplate":"https:\/\/sibiuagnitarailway.com\/en\/?s={search_term_string}"},"query-input":{"@type":"PropertyValueSpecification","valueRequired":true,"valueName":"search_term_string"}}],"inLanguage":"en-US"},{"@type":"Organization","@id":"https:\/\/sibiuagnitarailway.com\/en\/#organization","name":"Sibiu Agnita Railway","url":"https:\/\/sibiuagnitarailway.com\/en\/","logo":{"@type":"ImageObject","inLanguage":"en-US","@id":"https:\/\/sibiuagnitarailway.com\/en\/#\/schema\/logo\/image\/","url":"https:\/\/sibiuagnitarailway.com\/wp-content\/uploads\/2020\/08\/asset_1.svg","contentUrl":"https:\/\/sibiuagnitarailway.com\/wp-content\/uploads\/2020\/08\/asset_1.svg","width":120,"height":89,"caption":"Sibiu Agnita Railway"},"image":{"@id":"https:\/\/sibiuagnitarailway.com\/en\/#\/schema\/logo\/image\/"}}]}},"_links":{"self":[{"href":"https:\/\/sibiuagnitarailway.com\/en\/wp-json\/wp\/v2\/pages\/4335","targetHints":{"allow":["GET"]}}],"collection":[{"href":"https:\/\/sibiuagnitarailway.com\/en\/wp-json\/wp\/v2\/pages"}],"about":[{"href":"https:\/\/sibiuagnitarailway.com\/en\/wp-json\/wp\/v2\/types\/page"}],"author":[{"embeddable":true,"href":"https:\/\/sibiuagnitarailway.com\/en\/wp-json\/wp\/v2\/users\/3"}],"replies":[{"embeddable":true,"href":"https:\/\/sibiuagnitarailway.com\/en\/wp-json\/wp\/v2\/comments?post=4335"}],"version-history":[{"count":4,"href":"https:\/\/sibiuagnitarailway.com\/en\/wp-json\/wp\/v2\/pages\/4335\/revisions"}],"predecessor-version":[{"id":4360,"href":"https:\/\/sibiuagnitarailway.com\/en\/wp-json\/wp\/v2\/pages\/4335\/revisions\/4360"}],"wp:attachment":[{"href":"https:\/\/sibiuagnitarailway.com\/en\/wp-json\/wp\/v2\/media?parent=4335"}],"curies":[{"name":"wp","href":"https:\/\/api.w.org\/{rel}","templated":true}]}}